{"id":8,"date":"2019-08-29T15:22:06","date_gmt":"2019-08-29T15:22:06","guid":{"rendered":"http:\/\/ttcsolingen05.de\/?page_id=8"},"modified":"2022-05-05T19:44:08","modified_gmt":"2022-05-05T19:44:08","slug":"impressumg","status":"publish","type":"page","link":"https:\/\/ttcsolingen05.de\/?page_id=8","title":{"rendered":"Impressum"},"content":{"rendered":"\n<p><strong>Betreiber der Webseite<\/strong><br>\nTTC Blau-Wei\u00df Solingen 05 e.V.&nbsp;&nbsp; &nbsp;<br>\n<br>\n<strong>Vertretungsberechtigte<\/strong><br>\nDer Verein wird gerichtlich und au\u00dfergerichtlich durch den 1. Vorsitzenden oder\ndurch den 2. Vorsitzenden Vertreten. Jeder ist allein vertretungsberechtigt.<br>\n<br>\n<strong>Vereinsanschrift<\/strong><br>\nTTC Blau-Wei\u00df Solingen 05 e.V.<br>\nMarcel Scheibe<br>\nBirkenstr. 1<br>\n42799 Leichlingen<br>\n<br>\nTel. &nbsp;(02175)&nbsp; 18 78 87&nbsp;<br>\n<a href=\"mailto:marcel.nr1@web.de\">marcel.nr1@web.de<\/a><br>\nwww.ttcsolingen05.de &nbsp;<\/p>\n\n\n\n<p><br>\nVereinsregister: Amtsgericht Wuppertal &nbsp;&nbsp; <br>\nVereinsregister Nr.: VR 26742<\/p>\n\n\n\n<p>Steuernummer: 128\/5838\/6422<\/p>\n\n\n\n<p><br>\n<br>\nHaftungshinweis:<br>\nTrotz sorgf\u00e4ltiger inhaltlicher Kontrolle \u00fcbernehmen wir keine Haftung f\u00fcr die\nInhalte externer Links. F\u00fcr den Inhalt der verlinkten Seiten sind\nausschlie\u00dflich deren Betreiber verantwortlich.<\/p>\n","protected":false},"excerpt":{"rendered":"<p>Betreiber der Webseite TTC Blau-Wei\u00df Solingen 05 e.V.&nbsp;&nbsp; &nbsp; Vertretungsberechtigte Der Verein wird gerichtlich und au\u00dfergerichtlich durch den 1. Vorsitzenden oder durch den 2. Vorsitzenden Vertreten. Jeder ist allein vertretungsberechtigt. Vereinsanschrift TTC Blau-Wei\u00df Solingen 05 e.V. Marcel Scheibe Birkenstr. 1 42799 Leichlingen Tel. &nbsp;(02175)&nbsp; 18 78 87&nbsp; marcel.nr1@web.de www.ttcsolingen05.de &nbsp; Vereinsregister: Amtsgericht Wuppertal &nbsp;&nbsp; Vereinsregister&#8230;<\/p>\n","protected":false},"author":1,"featured_media":0,"parent":0,"menu_order":0,"comment_status":"closed","ping_status":"closed","template":"","meta":{"footnotes":""},"class_list":["post-8","page","type-page","status-publish","hentry"],"_links":{"self":[{"href":"https:\/\/ttcsolingen05.de\/index.php?rest_route=\/wp\/v2\/pages\/8","targetHints":{"allow":["GET"]}}],"collection":[{"href":"https:\/\/ttcsolingen05.de\/index.php?rest_route=\/wp\/v2\/pages"}],"about":[{"href":"https:\/\/ttcsolingen05.de\/index.php?rest_route=\/wp\/v2\/types\/page"}],"author":[{"embeddable":true,"href":"https:\/\/ttcsolingen05.de\/index.php?rest_route=\/wp\/v2\/users\/1"}],"replies":[{"embeddable":true,"href":"https:\/\/ttcsolingen05.de\/index.php?rest_route=%2Fwp%2Fv2%2Fcomments&post=8"}],"version-history":[{"count":2,"href":"https:\/\/ttcsolingen05.de\/index.php?rest_route=\/wp\/v2\/pages\/8\/revisions"}],"predecessor-version":[{"id":156,"href":"https:\/\/ttcsolingen05.de\/index.php?rest_route=\/wp\/v2\/pages\/8\/revisions\/156"}],"wp:attachment":[{"href":"https:\/\/ttcsolingen05.de\/index.php?rest_route=%2Fwp%2Fv2%2Fmedia&parent=8"}],"curies":[{"name":"wp","href":"https:\/\/api.w.org\/{rel}","templated":true}]}}