{"id":14,"date":"2019-08-29T15:31:40","date_gmt":"2019-08-29T15:31:40","guid":{"rendered":"http:\/\/ttcsolingen05.de\/?page_id=14"},"modified":"2026-01-12T20:34:15","modified_gmt":"2026-01-12T19:34:15","slug":"mitgliedschaft","status":"publish","type":"page","link":"https:\/\/ttcsolingen05.de\/?page_id=14","title":{"rendered":"Mitgliedschaft"},"content":{"rendered":"\n<h2 class=\"wp-block-heading\">Neue Mitglieder nehmen wir gerne auf.<\/h2>\n\n\n\n<p>Wer die Mitgliedschaft erwerben will, hat an den Vorstand einen \nschriftlichen Aufnahmeantrag zu richten. (Antr\u00e4ge gibt es bei den \nTrainern und Vorstandsmitgliedern).<\/p>\n\n\n\n<p>\u00dcber die Aufnahme der Mitgliedschaft entscheidet dann der Vorstand. Sie erhalten eine schriftliche Best\u00e4tigung.<\/p>\n\n\n\n<p>Die Mitgliedschaft beginnt mit dem Eintrittsmonat bis zum 31.12. \neines Kalenderjahres. Sie verl\u00e4ngert sich automatisch um ein weiteres \nJahr, wenn Sie nicht 4 Wochen vor dem 31.12. eines Kalenderjahres von \neiner Seite schriftlich gek\u00fcndigt wird.<\/p>\n\n\n\n<p>Alle Mitglieder erhalten  eine j\u00e4hrliche Rechnung.<\/p>\n\n\n\n<p class=\"has-background\" style=\"background-color:#c6dff4\"><strong><em>Der Aufnahmeantrag kann <a href=\"https:\/\/ttcsolingen05.de\/wp-content\/uploads\/2025\/02\/aufnahmeantrag_mitgliedschaft.pdf\" data-type=\"attachment\" data-id=\"256\">hier<\/a> heruntergeladen werden.<\/em><\/strong><\/p>\n\n\n\n<p><strong>Unsere Beitragsordnung<\/strong><\/p>\n\n\n\n<p>Die Mitgliederversammlung des Vereins TTC BW Solingen 05 e.V. hat am 25.02.2019 folgende Beitragsordnung beschlossen:<\/p>\n\n\n\n<p><strong>Beitragsordnung des TTC BW Solingen 05 e.V.<\/strong><\/p>\n\n\n\n<p>1. Alle Vereinsmitglieder zahlen einen Mitgliedsbeitrag. Der  Mitgliedsbeitrag wird j\u00e4hrlich erhoben. Ehrenmitglieder sind von der  Beitragszahlung befreit.<\/p>\n\n\n\n<p>2. Die Beitr\u00e4ge werden jeweils im ersten Quartal eines jeden Jahres per Rechnung versendet.<\/p>\n\n\n\n<p>3. Der j\u00e4hrliche Beitrag f\u00fcr Mitglieder betr\u00e4gt:&nbsp;&nbsp;&nbsp;&nbsp;&nbsp;&nbsp;&nbsp;&nbsp;&nbsp;&nbsp;&nbsp;&nbsp;&nbsp;<\/p>\n\n\n\n<ul class=\"wp-block-list\">\n<li>140,00 \u20ac f\u00fcr Erwachsene (ab dem vollendeten 18. Lebensjahr)<\/li>\n\n\n\n<li>110,00 \u20ac f\u00fcr Kinder &amp; Jugendliche (bis dem vollendeten 18. Lebensjahr)<\/li>\n\n\n\n<li>110,00 \u20ac f\u00fcr Senioren (ab dem vollendeten 65. Lebensjahr)<\/li>\n\n\n\n<li>40,00 \u20ac f\u00fcr Passive Mitglieder<\/li>\n\n\n\n<li>2\/3 des geringeren Beitrages f\u00fcr Familienmitglieder im gleichen Haushalt *<\/li>\n<\/ul>\n\n\n\n<p>4. Zahlungsbedingung: 14 Tage nach Erhalt der Rechnung.<\/p>\n\n\n\n<p>5. Mahngeb\u00fchren: 4 Wochen nach Rechnungserhalt bekommt das Mitglied  eine Zahlungserinnerung. Nach weiteren 4 Wochen wird die erste Mahnung  mit Mahngeb\u00fchren in H\u00f6he von 5,00 \u20ac versendet. Nach weiteren 4 Wochen  wird die zweite Mahnung mit Mahngeb\u00fchren in H\u00f6he 10,00 \u20ac versendet. Nach  weiteren 4 Wochen kommt die dritte und letzte Mahnung mit Mahngeb\u00fchren  in H\u00f6he von 15,00 \u20ac.<\/p>\n\n\n\n<p>6. Diese Beitragsordnung kann bei Notwendigkeit vom Vorstand per  Beschluss ge\u00e4ndert werden. Der Vorstand hat \u00c4nderungsbeschl\u00fcsse  bez\u00fcglich dieser Satzung in der n\u00e4chsten Mitgliederversammlung  vorzulegen.<\/p>\n\n\n\n<p><\/p>\n\n\n\n<p>*<br>Beispiel: Ein Vater und sein Sohn spielen beide beim TTC BW  Solingen 05 e.V.. Beitrag Vater 140,00\u20ac, Beitrag Sohn 110,00\u20ac. Von den 110,00\u20ac wird ein Drittel abgezogen. Macht f\u00fcr den Sohn einen Beitrag von  73,00\u20ac.<\/p>\n","protected":false},"excerpt":{"rendered":"<p>Neue Mitglieder nehmen wir gerne auf. Wer die Mitgliedschaft erwerben will, hat an den Vorstand einen schriftlichen Aufnahmeantrag zu richten. (Antr\u00e4ge gibt es bei den Trainern und Vorstandsmitgliedern). \u00dcber die Aufnahme der Mitgliedschaft entscheidet dann der Vorstand. Sie erhalten eine schriftliche Best\u00e4tigung. Die Mitgliedschaft beginnt mit dem Eintrittsmonat bis zum 31.12. eines Kalenderjahres. Sie verl\u00e4ngert&#8230;<\/p>\n","protected":false},"author":1,"featured_media":0,"parent":0,"menu_order":0,"comment_status":"closed","ping_status":"closed","template":"","meta":{"footnotes":""},"class_list":["post-14","page","type-page","status-publish","hentry"],"_links":{"self":[{"href":"https:\/\/ttcsolingen05.de\/index.php?rest_route=\/wp\/v2\/pages\/14","targetHints":{"allow":["GET"]}}],"collection":[{"href":"https:\/\/ttcsolingen05.de\/index.php?rest_route=\/wp\/v2\/pages"}],"about":[{"href":"https:\/\/ttcsolingen05.de\/index.php?rest_route=\/wp\/v2\/types\/page"}],"author":[{"embeddable":true,"href":"https:\/\/ttcsolingen05.de\/index.php?rest_route=\/wp\/v2\/users\/1"}],"replies":[{"embeddable":true,"href":"https:\/\/ttcsolingen05.de\/index.php?rest_route=%2Fwp%2Fv2%2Fcomments&post=14"}],"version-history":[{"count":16,"href":"https:\/\/ttcsolingen05.de\/index.php?rest_route=\/wp\/v2\/pages\/14\/revisions"}],"predecessor-version":[{"id":605,"href":"https:\/\/ttcsolingen05.de\/index.php?rest_route=\/wp\/v2\/pages\/14\/revisions\/605"}],"wp:attachment":[{"href":"https:\/\/ttcsolingen05.de\/index.php?rest_route=%2Fwp%2Fv2%2Fmedia&parent=14"}],"curies":[{"name":"wp","href":"https:\/\/api.w.org\/{rel}","templated":true}]}}