{"id":10,"date":"2019-08-29T15:23:39","date_gmt":"2019-08-29T15:23:39","guid":{"rendered":"http:\/\/ttcsolingen05.de\/?page_id=10"},"modified":"2026-01-15T11:58:11","modified_gmt":"2026-01-15T10:58:11","slug":"willkommen-beim-ttc-blau-weiss-solingen-05-e-v","status":"publish","type":"page","link":"https:\/\/ttcsolingen05.de\/","title":{"rendered":"Willkommen"},"content":{"rendered":"\n<hr class=\"wp-block-separator has-alpha-channel-opacity\"\/>\n\n\n<ul class=\"wp-block-latest-posts__list is-grid columns-3 wp-block-latest-posts\"><li><a class=\"wp-block-latest-posts__post-title\" href=\"https:\/\/ttcsolingen05.de\/?p=548\">Jugend-Trainingscamp 2025 Einladung<\/a><\/li>\n<li><a class=\"wp-block-latest-posts__post-title\" href=\"https:\/\/ttcsolingen05.de\/?p=543\">Vereinsmeisterschaften 2025<\/a><\/li>\n<li><a class=\"wp-block-latest-posts__post-title\" href=\"https:\/\/ttcsolingen05.de\/?p=480\">Update: Vereinsmeisterschaften 2024<\/a><\/li>\n<li><a class=\"wp-block-latest-posts__post-title\" href=\"https:\/\/ttcsolingen05.de\/?p=372\">Sommerfest 2023<\/a><\/li>\n<li><a class=\"wp-block-latest-posts__post-title\" href=\"https:\/\/ttcsolingen05.de\/?p=358\">Jugend-Trainingscamp<\/a><\/li>\n<\/ul>\n\n\n<hr class=\"wp-block-separator has-alpha-channel-opacity\"\/>\n\n\n\n<p><strong>20 Jahre TTC Blau-Wei\u00df Solingen 05 e.V.<\/strong><\/p>\n\n\n\n<p>Die beiden Solinger Tischtennisvereine TTC Blau-Wei\u00df Br\u00fccke und TTC Fortuna Solingen e.V. haben sich im Juni 2005 aufgel\u00f6st und am Mittwoch, dem 15.06.2005 durch eine Fusion den neuen Verein den <strong>TTC Blau-Wei\u00df Solingen 05 e.V.<\/strong> gegr\u00fcndet. Ab 1. Juli 2005 wurde der Verein als Mitglied in den WTTV aufgenommen und bekam zum 1.Juli 2025 die Berechtigung am Meisterschaftsspielbetrieb teilzunehmen.<\/p>\n\n\n\n<p>Tischtennis ist im Verein am sch\u00f6nsten, denn die\nFaszination, die von dem kleinen wei\u00dfen Ball ausgeht, wird Dich einfangen,\nbegeistern und nicht mehr loslassen. Komm doch mal rein in die Sporthalle\nNeuenhofer Str. 43 in Solingen-H\u00f6hscheid. Wir freuen uns \u00fcber jeden, egal ob\njung oder alt. Ganz gleich, ob M\u00e4dchen, Frauen, Jungen oder M\u00e4nner. Alle seid Ihr\nherzlich eingeladen.&nbsp;<\/p>\n\n\n\n<p>Zur Zeit nehmen f\u00fcnf Herrenmannschaften und drei Jungenmannschaften an Meisterschaftsspielen teil.<\/p>\n\n\n\n<p>Unsere Mitglieder sind zwischen 9 und 80 Jahre alt.<\/p>\n\n\n\n<p>Zum Erlernen des praktischen Tischtennisspiels bieten wir Anf\u00e4ngern einen&nbsp;<a href=\"https:\/\/ttcsolingen05.de\/?page_id=18\">Schnupperkurs<\/a> an.<\/p>\n\n\n\n<p><a href=\"https:\/\/ttcsolingen05.de\/?page_id=14\">Hier geht es zum Aufnahmeantrag zur Mitgliedschaft<\/a>.<\/p>\n\n\n\n<p>Seit Januar 2023 steht uns O. Stolz von montags als Trainer (B-Lizenz) zur Verf\u00fcgung und unterst\u00fctzt beim Jugendtraining.<\/p>\n\n\n\n<p>F\u00fcr weitere Ausk\u00fcnfte stehen folgende\nVorstandsmitglieder zur Verf\u00fcgung:<\/p>\n\n\n\n<figure class=\"wp-block-table\"><table><tbody><tr><td>\n  Marcel Scheibe\n  <\/td><td>\n  1.\n  Vorsitzender\n  <\/td><td> (01520) 478 47 18   <\/td><\/tr><tr><td>   Claudia Simon  <\/td><td>   2.   Vorsitzende   <\/td><td> (0212) 221 68 80<\/td><\/tr><tr><td>Fares Wawi <\/td><td>\n  Sportwart\n  Herren &nbsp;&nbsp;\n  <\/td><td>(01573) 202 48 84 <\/td><\/tr><\/tbody><\/table><\/figure>\n\n\n\n<p><\/p>\n","protected":false},"excerpt":{"rendered":"<p>20 Jahre TTC Blau-Wei\u00df Solingen 05 e.V. Die beiden Solinger Tischtennisvereine TTC Blau-Wei\u00df Br\u00fccke und TTC Fortuna Solingen e.V. haben sich im Juni 2005 aufgel\u00f6st und am Mittwoch, dem 15.06.2005 durch eine Fusion den neuen Verein den TTC Blau-Wei\u00df Solingen 05 e.V. gegr\u00fcndet. Ab 1. Juli 2005 wurde der Verein als Mitglied in den WTTV&#8230;<\/p>\n","protected":false},"author":1,"featured_media":0,"parent":0,"menu_order":0,"comment_status":"closed","ping_status":"closed","template":"","meta":{"footnotes":""},"class_list":["post-10","page","type-page","status-publish","hentry"],"_links":{"self":[{"href":"https:\/\/ttcsolingen05.de\/index.php?rest_route=\/wp\/v2\/pages\/10","targetHints":{"allow":["GET"]}}],"collection":[{"href":"https:\/\/ttcsolingen05.de\/index.php?rest_route=\/wp\/v2\/pages"}],"about":[{"href":"https:\/\/ttcsolingen05.de\/index.php?rest_route=\/wp\/v2\/types\/page"}],"author":[{"embeddable":true,"href":"https:\/\/ttcsolingen05.de\/index.php?rest_route=\/wp\/v2\/users\/1"}],"replies":[{"embeddable":true,"href":"https:\/\/ttcsolingen05.de\/index.php?rest_route=%2Fwp%2Fv2%2Fcomments&post=10"}],"version-history":[{"count":45,"href":"https:\/\/ttcsolingen05.de\/index.php?rest_route=\/wp\/v2\/pages\/10\/revisions"}],"predecessor-version":[{"id":608,"href":"https:\/\/ttcsolingen05.de\/index.php?rest_route=\/wp\/v2\/pages\/10\/revisions\/608"}],"wp:attachment":[{"href":"https:\/\/ttcsolingen05.de\/index.php?rest_route=%2Fwp%2Fv2%2Fmedia&parent=10"}],"curies":[{"name":"wp","href":"https:\/\/api.w.org\/{rel}","templated":true}]}}